{"id":223,"date":"2024-08-25T20:25:07","date_gmt":"2024-08-25T23:25:07","guid":{"rendered":"https:\/\/trahfe.ca\/audrey-cote-saint-onge\/"},"modified":"2024-08-30T21:23:29","modified_gmt":"2024-08-31T00:23:29","slug":"audrey-cote-saint-onge","status":"publish","type":"page","link":"https:\/\/trahfe.ca\/en\/audrey-cote-saint-onge\/","title":{"rendered":"Audrey C\u00f4t\u00e9 Saint-Onge"},"content":{"rendered":"<p>[et_pb_section fb_built=&#8221;1&#8243; admin_label=&#8221;Hero Section&#8221; _builder_version=&#8221;4.16&#8243; use_background_color_gradient=&#8221;on&#8221; background_color_gradient_direction=&#8221;90deg&#8221; background_color_gradient_stops=&#8221;rgba(244,240,233,0.9) 30%|rgba(244,240,233,0) 100%&#8221; background_color_gradient_overlays_image=&#8221;on&#8221; background_color_gradient_start=&#8221;rgba(244,240,233,0.9)&#8221; background_color_gradient_start_position=&#8221;30%&#8221; background_color_gradient_end=&#8221;rgba(244,240,233,0)&#8221; background_image=&#8221;https:\/\/trahfe.ca\/wp-content\/uploads\/2024\/08\/florist-11.jpg&#8221; custom_margin=&#8221;|||&#8221; custom_padding=&#8221;119px|0px|119px|0px&#8221; locked=&#8221;off&#8221; global_colors_info=&#8221;{}&#8221;][et_pb_row custom_padding_last_edited=&#8221;off|desktop&#8221; admin_label=&#8221;Hero Area&#8221; _builder_version=&#8221;4.16&#8243; custom_padding=&#8221;27px|0px|0px|0px&#8221; global_colors_info=&#8221;{}&#8221;][et_pb_column type=&#8221;4_4&#8243; _builder_version=&#8221;4.16&#8243; custom_padding=&#8221;|||&#8221; global_colors_info=&#8221;{}&#8221; custom_padding__hover=&#8221;|||&#8221;][et_pb_text admin_label=&#8221;Hero Title&#8221; _builder_version=&#8221;4.16&#8243; text_font=&#8221;Playfair Display||||||||&#8221; header_font=&#8221;Alice||||||||&#8221; header_font_size=&#8221;80px&#8221; header_letter_spacing=&#8221;-3px&#8221; header_line_height=&#8221;1.1em&#8221; custom_margin=&#8221;||0px|&#8221; custom_padding=&#8221;|||&#8221; animation_style=&#8221;slide&#8221; animation_direction=&#8221;left&#8221; animation_intensity_slide=&#8221;5%&#8221; animation_starting_opacity=&#8221;100%&#8221; text_font_size_last_edited=&#8221;off|desktop&#8221; header_font_size_tablet=&#8221;&#8221; header_font_size_phone=&#8221;60px&#8221; header_font_size_last_edited=&#8221;on|phone&#8221; global_colors_info=&#8221;{}&#8221;]<\/p>\n<h1>Inductions<\/h1>\n<p>[\/et_pb_text][et_pb_text _builder_version=&#8221;4.27.0&#8243; text_font=&#8221;||||||||&#8221; text_font_size=&#8221;18px&#8221; header_font=&#8221;||||||||&#8221; max_width=&#8221;500px&#8221; custom_margin=&#8221;|||&#8221; custom_padding=&#8221;||10px|&#8221; animation_style=&#8221;slide&#8221; animation_direction=&#8221;left&#8221; animation_intensity_slide=&#8221;5%&#8221; animation_starting_opacity=&#8221;100%&#8221; global_colors_info=&#8221;{}&#8221;]<\/p>\n<p>People who have shaped our past and our present.<br \/>\nView the list of past inductees. <\/p>\n<p>[\/et_pb_text][\/et_pb_column][\/et_pb_row][\/et_pb_section][et_pb_section fb_built=&#8221;1&#8243; admin_label=&#8221;Promo Banner&#8221; _builder_version=&#8221;4.27.0&#8243; background_color=&#8221;rgba(80,120,25,0.5)&#8221; height=&#8221;50px&#8221; custom_padding=&#8221;0px|0px|0px|0px&#8221; locked=&#8221;off&#8221; global_colors_info=&#8221;{}&#8221;][\/et_pb_section][et_pb_section fb_built=&#8221;1&#8243; admin_label=&#8221;About Us Section&#8221; _builder_version=&#8221;4.27.0&#8243; custom_padding=&#8221;110px||0px|&#8221; top_divider_color=&#8221;rgba(80,120,25,0.45)&#8221; top_divider_height=&#8221;110px&#8221; top_divider_repeat=&#8221;1x&#8221; global_colors_info=&#8221;{}&#8221;][et_pb_row _builder_version=&#8221;4.27.0&#8243; _module_preset=&#8221;default&#8221; global_colors_info=&#8221;{}&#8221;][et_pb_column type=&#8221;4_4&#8243; _builder_version=&#8221;4.27.0&#8243; _module_preset=&#8221;default&#8221; global_colors_info=&#8221;{}&#8221;][et_pb_text _builder_version=&#8221;4.27.0&#8243; _module_preset=&#8221;default&#8221; custom_padding=&#8221;0px||0px|||&#8221; hover_enabled=&#8221;0&#8243; locked=&#8221;off&#8221; global_colors_info=&#8221;{}&#8221; animation_style=&#8221;slide&#8221; animation_direction=&#8221;top&#8221; sticky_enabled=&#8221;0&#8243;]<\/p>\n<h2><strong>Audrey C\u00f4t\u00e9 Saint-Onge<\/strong><\/h2>\n<p>[\/et_pb_text][et_pb_text _builder_version=&#8221;4.27.0&#8243; _module_preset=&#8221;default&#8221; hover_enabled=&#8221;0&#8243; global_colors_info=&#8221;{}&#8221; animation_style=&#8221;slide&#8221; animation_direction=&#8221;bottom&#8221; sticky_enabled=&#8221;0&#8243;]<\/p>\n<p style=\"text-align: justify;\"><img decoding=\"async\" class=\"size-auto\" style=\"float: right; padding-left: 15px; padding-bottom: 15px; margin-top: 8px;\" src=\"https:\/\/trahfe.ca\/wp-content\/uploads\/2024\/08\/audreyst-onge.jpg\" width=\"290\" alt=\"\" \/>Audrey C\u00f4t\u00e9 Saint-Onge has been working the field of the arts for over six decades in the Edmundston region. She serves a cause, that of culture. Her career was quickly directed towards community cultural development, whether regionally, provincially and nationally.<\/p>\n<p style=\"text-align: justify;\">Great educator, intellectual anchored in the artistic action, her deep knowledge, her rich and various experiences all make her a respected and admired citizen.<\/p>\n<p style=\"text-align: justify;\">Born in Rivi\u00e8re-Verte, on June 5th, 1922, Audrey C\u00f4t\u00e9 Saint-Onge has had a 46-year long career in the education field, as principal, administrator and teacher. She knows how to create cultural events and to praise people in their actions. On top of having supported many organizations, she is the instigator of many cultural events in the Madawaska region, on an education level and at large.<\/p>\n<p style=\"text-align: justify;\">She is a model for all generations who recognize her commitment, her tireless work, her will to succeed, define and acknowledge community culture as well as regional and provincial artists.<\/p>\n<p style=\"text-align: justify;\">Audrey C\u00f4t\u00e9 Saint-Onge is the founder of the Association culturelle du Haut-Saint-Jean, with which she has been involved since its creation in 1975. She has always worked for the quality of teaching, the French language, the arts, and the recognition of artists. She has sat on the board of directors of many cultural organizations in the province and in our country namely the F\u00e9d\u00e9ration culturelle des Canadiens fran\u00e7ais and the Conseil provincial des Soci\u00e9t\u00e9s culturelles. She also co-chaired the Premier\u2019s Advisory Committee on the Arts from which the report led to the creation of the New Brunswick Arts Board (NBAB).<\/p>\n<p style=\"text-align: justify;\">Behind the woman of action also hides an artist. She has taken part in many exhibitions.<\/p>\n<p style=\"text-align: justify;\">Audrey C\u00f4t\u00e9 Saint-Onge is a member of the Order of La Pl\u00e9iade de l\u2019Assembl\u00e9e internationale des parlementaires de langue fran\u00e7aise. She is a recipient of the Excellence Award in the Arts (community development) awarded by the Government of New Brunswick, the Dr Albert-Sormany volunteer award from the Soci\u00e9t\u00e9 des Acadiens et Acadiennes du Nouveau-Brunswick (SAANB) for her commitment and devotion to the advancement and fulfillment of the Acadian community, and the Prix Hommage, awarded at the Gala des \u00c9loizes 2005, for her contribution in the field of the arts. She holds an honorary doctorate from the Universit\u00e9 de Moncton.<\/p>\n<p>[\/et_pb_text][\/et_pb_column][\/et_pb_row][et_pb_row _builder_version=&#8221;4.27.0&#8243; _module_preset=&#8221;default&#8221; global_colors_info=&#8221;{}&#8221;][et_pb_column type=&#8221;4_4&#8243; _builder_version=&#8221;4.27.0&#8243; _module_preset=&#8221;default&#8221; global_colors_info=&#8221;{}&#8221;][dnxte_dual_button button_text_one=&#8221;Previous&#8221; button_link_one=&#8221;@ET-DC@eyJkeW5hbWljIjp0cnVlLCJjb250ZW50IjoicG9zdF9saW5rX3VybF9wYWdlIiwic2V0dGluZ3MiOnsicG9zdF9pZCI6IjE2NCJ9fQ==@&#8221; button_text_two=&#8221;Next&#8221; button_link_two=&#8221;@ET-DC@eyJkeW5hbWljIjp0cnVlLCJjb250ZW50IjoicG9zdF9saW5rX3VybF9wYWdlIiwic2V0dGluZ3MiOnsicG9zdF9pZCI6IjE3NiJ9fQ==@&#8221; dnxt_dual_button_alignment=&#8221;center&#8221; btn_one_icon=&#8221;&#x23;||divi||400&#8243; btn_one_icon_color=&#8221;#000000&#8243; btn_one_icon_placement=&#8221;left&#8221; btn_two_icon_color=&#8221;#000000&#8243; btn_one_show_hide=&#8221;on&#8221; button_bg_one=&#8221;#F8B170&#8243; btn_two_color_show_hide=&#8221;on&#8221; button_bg_two=&#8221;#F8B170&#8243; button_one_margin=&#8221;|10px|||false|false&#8221; button_two_margin=&#8221;|||10px|false|false&#8221; _builder_version=&#8221;4.27.0&#8243; _dynamic_attributes=&#8221;button_link_two,button_link_one&#8221; _module_preset=&#8221;default&#8221; btn_one_fonts_text_color=&#8221;rgba(0,0,0,0.8)&#8221; btn_two_fonts_text_color=&#8221;rgba(0,0,0,0.8)&#8221; border_radii_one_border=&#8221;on|15px|15px|15px|15px&#8221; border_color_all_one_border=&#8221;#F68D30&#8243; border_radii_two_border=&#8221;on|15px|15px|15px|15px&#8221; border_color_all_two_border=&#8221;#F68D30&#8243; global_colors_info=&#8221;{}&#8221;][\/dnxte_dual_button][\/et_pb_column][\/et_pb_row][\/et_pb_section]<\/p>\n","protected":false},"excerpt":{"rendered":"<p>InductionsPeople who have shaped our past and our present. View the list of past inductees. Audrey C\u00f4t\u00e9 Saint-OngeAudrey C\u00f4t\u00e9 Saint-Onge has been working the field of the arts for over six decades in the Edmundston region. She serves a cause, that of culture. Her career was quickly directed towards community cultural development, whether regionally, provincially [&hellip;]<\/p>\n","protected":false},"author":1,"featured_media":0,"parent":0,"menu_order":0,"comment_status":"closed","ping_status":"closed","template":"","meta":{"_et_pb_use_builder":"on","_et_pb_old_content":"","_et_gb_content_width":"","footnotes":""},"class_list":["post-223","page","type-page","status-publish","hentry"],"_links":{"self":[{"href":"https:\/\/trahfe.ca\/en\/wp-json\/wp\/v2\/pages\/223","targetHints":{"allow":["GET"]}}],"collection":[{"href":"https:\/\/trahfe.ca\/en\/wp-json\/wp\/v2\/pages"}],"about":[{"href":"https:\/\/trahfe.ca\/en\/wp-json\/wp\/v2\/types\/page"}],"author":[{"embeddable":true,"href":"https:\/\/trahfe.ca\/en\/wp-json\/wp\/v2\/users\/1"}],"replies":[{"embeddable":true,"href":"https:\/\/trahfe.ca\/en\/wp-json\/wp\/v2\/comments?post=223"}],"version-history":[{"count":7,"href":"https:\/\/trahfe.ca\/en\/wp-json\/wp\/v2\/pages\/223\/revisions"}],"predecessor-version":[{"id":335,"href":"https:\/\/trahfe.ca\/en\/wp-json\/wp\/v2\/pages\/223\/revisions\/335"}],"wp:attachment":[{"href":"https:\/\/trahfe.ca\/en\/wp-json\/wp\/v2\/media?parent=223"}],"curies":[{"name":"wp","href":"https:\/\/api.w.org\/{rel}","templated":true}]}}