{"id":261,"date":"2024-08-25T20:30:34","date_gmt":"2024-08-25T23:30:34","guid":{"rendered":"https:\/\/trahfe.ca\/claude-t-picard\/"},"modified":"2026-02-28T19:09:59","modified_gmt":"2026-02-28T23:09:59","slug":"claude-t-picard","status":"publish","type":"page","link":"https:\/\/trahfe.ca\/en\/claude-t-picard\/","title":{"rendered":"Claude T. Picard"},"content":{"rendered":"<p>[et_pb_section fb_built=&#8221;1&#8243; admin_label=&#8221;Hero Section&#8221; _builder_version=&#8221;4.16&#8243; use_background_color_gradient=&#8221;on&#8221; background_color_gradient_direction=&#8221;90deg&#8221; background_color_gradient_stops=&#8221;rgba(244,240,233,0.9) 30%|rgba(244,240,233,0) 100%&#8221; background_color_gradient_overlays_image=&#8221;on&#8221; background_color_gradient_start=&#8221;rgba(244,240,233,0.9)&#8221; background_color_gradient_start_position=&#8221;30%&#8221; background_color_gradient_end=&#8221;rgba(244,240,233,0)&#8221; background_image=&#8221;https:\/\/trahfe.ca\/wp-content\/uploads\/2024\/08\/florist-11.jpg&#8221; custom_margin=&#8221;|||&#8221; custom_padding=&#8221;119px|0px|119px|0px&#8221; locked=&#8221;off&#8221; global_colors_info=&#8221;{}&#8221;][et_pb_row custom_padding_last_edited=&#8221;off|desktop&#8221; admin_label=&#8221;Hero Area&#8221; _builder_version=&#8221;4.16&#8243; custom_padding=&#8221;27px|0px|0px|0px&#8221; global_colors_info=&#8221;{}&#8221;][et_pb_column type=&#8221;4_4&#8243; _builder_version=&#8221;4.16&#8243; custom_padding=&#8221;|||&#8221; global_colors_info=&#8221;{}&#8221; custom_padding__hover=&#8221;|||&#8221;][et_pb_text admin_label=&#8221;Hero Title&#8221; _builder_version=&#8221;4.16&#8243; text_font=&#8221;Playfair Display||||||||&#8221; header_font=&#8221;Alice||||||||&#8221; header_font_size=&#8221;80px&#8221; header_letter_spacing=&#8221;-3px&#8221; header_line_height=&#8221;1.1em&#8221; custom_margin=&#8221;||0px|&#8221; custom_padding=&#8221;|||&#8221; animation_style=&#8221;slide&#8221; animation_direction=&#8221;left&#8221; animation_intensity_slide=&#8221;5%&#8221; animation_starting_opacity=&#8221;100%&#8221; text_font_size_last_edited=&#8221;off|desktop&#8221; header_font_size_tablet=&#8221;&#8221; header_font_size_phone=&#8221;60px&#8221; header_font_size_last_edited=&#8221;on|phone&#8221; global_colors_info=&#8221;{}&#8221;]<\/p>\n<h1>Inductions<\/h1>\n<p>[\/et_pb_text][et_pb_text _builder_version=&#8221;4.27.0&#8243; text_font=&#8221;||||||||&#8221; text_font_size=&#8221;18px&#8221; header_font=&#8221;||||||||&#8221; max_width=&#8221;500px&#8221; custom_margin=&#8221;|||&#8221; custom_padding=&#8221;||10px|&#8221; animation_style=&#8221;slide&#8221; animation_direction=&#8221;left&#8221; animation_intensity_slide=&#8221;5%&#8221; animation_starting_opacity=&#8221;100%&#8221; global_colors_info=&#8221;{}&#8221;]<\/p>\n<p>People who have shaped our past and our present. Consult the list of past inductees. <\/p>\n<p>[\/et_pb_text][\/et_pb_column][\/et_pb_row][\/et_pb_section][et_pb_section fb_built=&#8221;1&#8243; admin_label=&#8221;Promo Banner&#8221; _builder_version=&#8221;4.27.0&#8243; background_color=&#8221;rgba(80,120,25,0.5)&#8221; height=&#8221;50px&#8221; custom_padding=&#8221;0px|0px|0px|0px&#8221; locked=&#8221;off&#8221; global_colors_info=&#8221;{}&#8221;][\/et_pb_section][et_pb_section fb_built=&#8221;1&#8243; admin_label=&#8221;About Us Section&#8221; _builder_version=&#8221;4.27.0&#8243; custom_padding=&#8221;110px||0px|&#8221; top_divider_color=&#8221;rgba(80,120,25,0.45)&#8221; top_divider_height=&#8221;110px&#8221; top_divider_repeat=&#8221;1x&#8221; global_colors_info=&#8221;{}&#8221;][et_pb_row _builder_version=&#8221;4.27.0&#8243; _module_preset=&#8221;default&#8221; global_colors_info=&#8221;{}&#8221;][et_pb_column type=&#8221;4_4&#8243; _builder_version=&#8221;4.27.0&#8243; _module_preset=&#8221;default&#8221; global_colors_info=&#8221;{}&#8221;][et_pb_text _builder_version=&#8221;4.27.0&#8243; _module_preset=&#8221;default&#8221; custom_padding=&#8221;0px||0px|||&#8221; animation_style=&#8221;slide&#8221; animation_direction=&#8221;top&#8221; locked=&#8221;off&#8221; global_colors_info=&#8221;{}&#8221;]<\/p>\n<h2><strong>Claude T. Picard<\/strong><\/h2>\n<p>[\/et_pb_text][et_pb_text _builder_version=&#8221;4.27.0&#8243; _module_preset=&#8221;default&#8221; animation_style=&#8221;slide&#8221; animation_direction=&#8221;bottom&#8221; global_colors_info=&#8221;{}&#8221;]<\/p>\n<p style=\"text-align: justify;\"><img decoding=\"async\" class=\"size-auto\" style=\"float: right; padding-left: 15px; padding-bottom: 15px; margin-top: 8px;\" src=\"https:\/\/trahfe.ca\/wp-content\/uploads\/2024\/08\/claude-picard.jpg\" width=\"290\" alt=\"\" \/>Painter Claude Picard was inducted into the Edmundston Arts Hall of Fame on November 5, 2006. He is world-renowned for his six paintings of the Acadian deportation (Memorial Church, Grand-Pr\u00e9 National Historic Site, N.S.). Born in Edmundston, N.B., on February 11, 1932, he was the youngest of 10 children born to CN employee Vital Picard and Bridget Toomey. In 1946, at the age of 14, he won his first national prize for his watercolor Robin Hood. After completing his classical studies at his native Coll\u00e8ge Saint-Louis, he spent three years in Rome and Florence, studying with the masters Mazzoli, Stultus and Beddini. He is a two-time Canada Council grant recipient and the recipient of numerous awards, including one from the Society of Graphic Designers of Canada and the prestigious Miller Brittain Award from the New Brunswick Arts Board.<\/p>\n<p style=\"text-align: justify;\">The painter is internationally renowned for his four historical paintings on the arrival and settlement of the Acadians at Belle-\u00cele-en-Mer in 1765 (Citadelle Vauban, Belle-\u00cele-en-Mer, France), for his gigantic mural on life in Madawaska from 1785 to 1985 (Edmundston City Hall) and for his wonderful painting commemorating the founders of the Caisses populaires acadiennes in New Brunswick (Caraquet). We should also mention his painting of 21 figures on the life of Our Lord, entitled J\u00e9sus au milieu des enfants (Saint-Jacques church) and his painting on the bicentenary of the parish of Saint-Basile, entitled Se garder jeune (Club d&#8217;\u00e2ge d&#8217;or, Saint-Basile, N.-B.). Claude Picard received an honorary doctorate in visual arts (honoris causa) from the Universit\u00e9 de Moncton in 1996. In 2005, his painting Le d\u00e9part vers l&#8217;exile 1755 was reproduced in a First Official Day fold, when Poste-Canada.<\/p>\n<p style=\"text-align: justify;\">With extensive experience in portraiture (Hon. Gilbert Finn, Hon. Marilyn Trenholme Counsell, etc.) and landscape (in oil, charcoal and acrylic in several private collections), Claude Picard has also illustrated several publications.<\/p>\n<p style=\"text-align: justify;\">In 2005, in his seventies, he completed his six-painting masterpiece Les Grandes heures du peuple acadien for the Association du Mus\u00e9e acadien de l&#8217;\u00ce.-P.-\u00c9. In 2006, the Mus\u00e9e acadien de l&#8217;\u00ce.-P.-\u00c9. names a room Galerie Claude Picard. In 2006, he also received the Soci\u00e9t\u00e9 Louis-Napol\u00e9on-Dugal, SAANB, award for his contribution to the promotion of French and Acadian culture in Madawaska.<\/p>\n<p style=\"text-align: justify;\">Claude Picard married Jeanne Soucy, of Saint-Basile, N.B., in 1963. They have two children, Brigitte and Lucie.<\/p>\n<p>[\/et_pb_text][\/et_pb_column][\/et_pb_row][et_pb_row _builder_version=&#8221;4.27.0&#8243; _module_preset=&#8221;default&#8221; global_colors_info=&#8221;{}&#8221;][et_pb_column type=&#8221;4_4&#8243; _builder_version=&#8221;4.27.0&#8243; _module_preset=&#8221;default&#8221; global_colors_info=&#8221;{}&#8221;][dnxte_dual_button button_text_one=&#8221;Previous&#8221; button_link_one=&#8221;@ET-DC@eyJkeW5hbWljIjp0cnVlLCJjb250ZW50IjoicG9zdF9saW5rX3VybF9wYWdlIiwic2V0dGluZ3MiOnsicG9zdF9pZCI6IjE3MCJ9fQ==@&#8221; button_text_two=&#8221;Next&#8221; button_link_two=&#8221;@ET-DC@eyJkeW5hbWljIjp0cnVlLCJjb250ZW50IjoicG9zdF9saW5rX3VybF9wYWdlIiwic2V0dGluZ3MiOnsicG9zdF9pZCI6IjUwMyJ9fQ==@&#8221; dnxt_dual_button_alignment=&#8221;center&#8221; btn_one_icon=&#8221;&#x23;||divi||400&#8243; btn_one_icon_color=&#8221;#000000&#8243; btn_one_icon_placement=&#8221;left&#8221; btn_two_icon_color=&#8221;#000000&#8243; btn_one_show_hide=&#8221;on&#8221; button_bg_one=&#8221;#F8B170&#8243; btn_two_color_show_hide=&#8221;on&#8221; button_bg_two=&#8221;#F8B170&#8243; button_one_margin=&#8221;|10px|||false|false&#8221; button_two_margin=&#8221;|||10px|false|false&#8221; _builder_version=&#8221;4.27.6&#8243; _dynamic_attributes=&#8221;button_link_two,button_link_one&#8221; _module_preset=&#8221;default&#8221; btn_one_fonts_text_color=&#8221;rgba(0,0,0,0.8)&#8221; btn_two_fonts_text_color=&#8221;rgba(0,0,0,0.8)&#8221; hover_enabled=&#8221;0&#8243; border_radii_one_border=&#8221;on|15px|15px|15px|15px&#8221; border_color_all_one_border=&#8221;#F68D30&#8243; border_radii_two_border=&#8221;on|15px|15px|15px|15px&#8221; border_color_all_two_border=&#8221;#F68D30&#8243; global_colors_info=&#8221;{}&#8221; sticky_enabled=&#8221;0&#8243;][\/dnxte_dual_button][\/et_pb_column][\/et_pb_row][\/et_pb_section]<\/p>\n","protected":false},"excerpt":{"rendered":"<p>InductionsPeople who have shaped our past and our present. Consult the list of past inductees. Claude T. PicardPainter Claude Picard was inducted into the Edmundston Arts Hall of Fame on November 5, 2006. He is world-renowned for his six paintings of the Acadian deportation (Memorial Church, Grand-Pr\u00e9 National Historic Site, N.S.). Born in Edmundston, N.B., [&hellip;]<\/p>\n","protected":false},"author":1,"featured_media":0,"parent":0,"menu_order":0,"comment_status":"closed","ping_status":"closed","template":"","meta":{"_et_pb_use_builder":"on","_et_pb_old_content":"","_et_gb_content_width":"","footnotes":""},"class_list":["post-261","page","type-page","status-publish","hentry"],"_links":{"self":[{"href":"https:\/\/trahfe.ca\/en\/wp-json\/wp\/v2\/pages\/261","targetHints":{"allow":["GET"]}}],"collection":[{"href":"https:\/\/trahfe.ca\/en\/wp-json\/wp\/v2\/pages"}],"about":[{"href":"https:\/\/trahfe.ca\/en\/wp-json\/wp\/v2\/types\/page"}],"author":[{"embeddable":true,"href":"https:\/\/trahfe.ca\/en\/wp-json\/wp\/v2\/users\/1"}],"replies":[{"embeddable":true,"href":"https:\/\/trahfe.ca\/en\/wp-json\/wp\/v2\/comments?post=261"}],"version-history":[{"count":5,"href":"https:\/\/trahfe.ca\/en\/wp-json\/wp\/v2\/pages\/261\/revisions"}],"predecessor-version":[{"id":506,"href":"https:\/\/trahfe.ca\/en\/wp-json\/wp\/v2\/pages\/261\/revisions\/506"}],"wp:attachment":[{"href":"https:\/\/trahfe.ca\/en\/wp-json\/wp\/v2\/media?parent=261"}],"curies":[{"name":"wp","href":"https:\/\/api.w.org\/{rel}","templated":true}]}}