{"id":279,"date":"2024-08-10T15:04:54","date_gmt":"2024-08-10T18:04:54","guid":{"rendered":"https:\/\/trahfe.ca\/soeur-henriette-raymond\/"},"modified":"2024-08-30T21:07:54","modified_gmt":"2024-08-31T00:07:54","slug":"soeur-henriette-raymond","status":"publish","type":"page","link":"https:\/\/trahfe.ca\/en\/soeur-henriette-raymond\/","title":{"rendered":"Soeur Henriette Raymond"},"content":{"rendered":"<p>[et_pb_section fb_built=&#8221;1&#8243; admin_label=&#8221;Hero Section&#8221; _builder_version=&#8221;4.16&#8243; use_background_color_gradient=&#8221;on&#8221; background_color_gradient_direction=&#8221;90deg&#8221; background_color_gradient_stops=&#8221;rgba(244,240,233,0.9) 30%|rgba(244,240,233,0) 100%&#8221; background_color_gradient_overlays_image=&#8221;on&#8221; background_color_gradient_start=&#8221;rgba(244,240,233,0.9)&#8221; background_color_gradient_start_position=&#8221;30%&#8221; background_color_gradient_end=&#8221;rgba(244,240,233,0)&#8221; background_image=&#8221;https:\/\/trahfe.ca\/wp-content\/uploads\/2024\/08\/florist-11.jpg&#8221; custom_margin=&#8221;|||&#8221; custom_padding=&#8221;119px|0px|119px|0px&#8221; locked=&#8221;off&#8221; global_colors_info=&#8221;{}&#8221;][et_pb_row custom_padding_last_edited=&#8221;off|desktop&#8221; admin_label=&#8221;Hero Area&#8221; _builder_version=&#8221;4.16&#8243; custom_padding=&#8221;27px|0px|0px|0px&#8221; global_colors_info=&#8221;{}&#8221;][et_pb_column type=&#8221;4_4&#8243; _builder_version=&#8221;4.16&#8243; custom_padding=&#8221;|||&#8221; global_colors_info=&#8221;{}&#8221; custom_padding__hover=&#8221;|||&#8221;][et_pb_text admin_label=&#8221;Hero Title&#8221; _builder_version=&#8221;4.16&#8243; text_font=&#8221;Playfair Display||||||||&#8221; header_font=&#8221;Alice||||||||&#8221; header_font_size=&#8221;80px&#8221; header_letter_spacing=&#8221;-3px&#8221; header_line_height=&#8221;1.1em&#8221; custom_margin=&#8221;||0px|&#8221; custom_padding=&#8221;|||&#8221; animation_style=&#8221;slide&#8221; animation_direction=&#8221;left&#8221; animation_intensity_slide=&#8221;5%&#8221; animation_starting_opacity=&#8221;100%&#8221; text_font_size_last_edited=&#8221;off|desktop&#8221; header_font_size_tablet=&#8221;&#8221; header_font_size_phone=&#8221;60px&#8221; header_font_size_last_edited=&#8221;on|phone&#8221; global_colors_info=&#8221;{}&#8221;]<\/p>\n<h1>Inductions<\/h1>\n<p>[\/et_pb_text][et_pb_text _builder_version=&#8221;4.27.0&#8243; text_font=&#8221;||||||||&#8221; text_font_size=&#8221;18px&#8221; header_font=&#8221;||||||||&#8221; max_width=&#8221;500px&#8221; custom_margin=&#8221;|||&#8221; custom_padding=&#8221;||10px|&#8221; animation_style=&#8221;slide&#8221; animation_direction=&#8221;left&#8221; animation_intensity_slide=&#8221;5%&#8221; animation_starting_opacity=&#8221;100%&#8221; global_colors_info=&#8221;{}&#8221;]<\/p>\n<p>People who have shaped our past and our present. Consult the list of past inductees. <\/p>\n<p>[\/et_pb_text][\/et_pb_column][\/et_pb_row][\/et_pb_section][et_pb_section fb_built=&#8221;1&#8243; admin_label=&#8221;Promo Banner&#8221; _builder_version=&#8221;4.27.0&#8243; background_color=&#8221;rgba(80,120,25,0.5)&#8221; height=&#8221;50px&#8221; custom_padding=&#8221;0px|0px|0px|0px&#8221; locked=&#8221;off&#8221; global_colors_info=&#8221;{}&#8221;][\/et_pb_section][et_pb_section fb_built=&#8221;1&#8243; admin_label=&#8221;About Us Section&#8221; _builder_version=&#8221;4.27.0&#8243; custom_padding=&#8221;110px||0px|&#8221; top_divider_color=&#8221;rgba(80,120,25,0.45)&#8221; top_divider_height=&#8221;110px&#8221; top_divider_repeat=&#8221;1x&#8221; global_colors_info=&#8221;{}&#8221;][et_pb_row _builder_version=&#8221;4.27.0&#8243; _module_preset=&#8221;default&#8221; global_colors_info=&#8221;{}&#8221;][et_pb_column type=&#8221;4_4&#8243; _builder_version=&#8221;4.27.0&#8243; _module_preset=&#8221;default&#8221; global_colors_info=&#8221;{}&#8221;][et_pb_text _builder_version=&#8221;4.27.0&#8243; _module_preset=&#8221;default&#8221; custom_padding=&#8221;||0px|||&#8221; hover_enabled=&#8221;0&#8243; locked=&#8221;off&#8221; global_colors_info=&#8221;{}&#8221; animation_style=&#8221;slide&#8221; animation_direction=&#8221;top&#8221; sticky_enabled=&#8221;0&#8243;]<\/p>\n<h2><strong>Soeur Henriette Raymond<\/strong><\/h2>\n<p>[\/et_pb_text][et_pb_text _builder_version=&#8221;4.27.0&#8243; _module_preset=&#8221;default&#8221; hover_enabled=&#8221;0&#8243; global_colors_info=&#8221;{}&#8221; animation_style=&#8221;slide&#8221; animation_direction=&#8221;bottom&#8221; sticky_enabled=&#8221;0&#8243;]<\/p>\n<p style=\"text-align: justify;\"><img decoding=\"async\" class=\"size-auto\" style=\"float: left; padding-right: 15px; padding-bottom: 15px; margin-top: 8px;\" src=\"https:\/\/trahfe.ca\/images\/sr%20henriette%20raymond%20SEPIA%204x5.jpg\" alt=\"\" \/> Henriette Raymond was born on February 17, 1931 in Sainte-Rose-du-D\u00e9gel\u00e9 (D\u00e9gelis) in the County of T\u00e9miscouata, Province of Quebec. At the age of thirteen, she enrolled at the Acad\u00e9mie de l&#8217;H\u00f4tel-Dieu in Saint-Basile, run by the Religious Hospitallers of Saint-Joseph. An artist at heart, she steadfastly promoted and supported culture in the northwest region of New Brunswick over several decades.<\/p>\n<p style=\"text-align: justify;\">After graduating from the Fredericton Teachers College in 1950, she requested her accession to the Congregation of the Hospitallers of Saint-Joseph, and, in 1956, she took her perpetual vows. During the same year, she received her Teacher&#8217;s License (First Class) followed by a Degree in Gregorian Studies (1963) and a Bachelor of Arts (1972).<\/p>\n<p style=\"text-align: justify;\">In 1953, Sister Henriette began teaching the fifth grade, girls&#8217; class at the Acad\u00e9mie de l&#8217;H\u00f4tel-Dieu. During this period, she also began to teach folklore. In 1956, she became the director of the church choir for the nuns and female students of the college. She also started assisting Father Camille Albert with the Ch\u0153ur du Madawaska, a mixed choir composed of male students from Saint-Louis and female students from Maillet.<\/p>\n<p style=\"text-align: justify;\">With the construction of the new building that housed the Coll\u00e8ge Maillet in 1963, the performing arts expanded. Sister Henriette became involved in theatre and collaborated with mister Gilles-Claude Th\u00e9riault, professor of theatre and stage director (1962-1974). The plays presented were a success! Notably, many professional troups also performed at the Coll\u00e8ge Maillet, among which were le T\u00e9treau de Paris (L&#8217;Annonce faite \u00e0 Marie by Paul Claudel) and la troupe de Jean Duceppe (La Mort d&#8217;un commis voyageur by Arthur Miller). High-calibre shows were presented. Les Compagnons de la chanson, B\u00e9caud, Adamo, Mouskouri, L\u00e9veill\u00e9e, Edith Butler, Calixte Duguay, all performed on the Coll\u00e8ge Maillet stage.<\/p>\n<p style=\"text-align: justify;\">Afin de l&#8217;appuyer dans ses initiatives, les sup\u00e9rieures de la communaut\u00e9 la nomment directrice des activit\u00e9s arti?????????????.<\/p>\n<p style=\"text-align: justify;\">In 1965, in recognition of her efforts, the superiors of the religious community appointed her Director of Artistic and Cultural Activities at the Coll\u00e8ge Maillet. Every year, the dancers presented a show on the college stage, and 1969 became a turning point for the group when it became officially registered under the name Troupe folklorique du Madawaska and was recognized by the Secretary of State of Canada. From that point on, they became increasingly successful. In 1975, the group represented Canada at the XIII<sup>e<\/sup> Festival des Pyr\u00e9n\u00e9es in Jaca, Spain and in the southwest of France. The following year, it figured among the representatives of Eastern Canada at the OCOG, for the XX<sup>th<\/sup> Olympic Games in Montreal. In 1978, the troupe performs at the XI<sup>th<\/sup> Commonwealth Games in Edmonton, Alberta. Sister Raymond&#8217;s contribution to culture has received public recognition. In 1977, she received the Queen Elizabeth II Silver Jubilee Medal. In 1993, she was the recipient of the Commemorative Medal for the 125<sup>th<\/sup> Anniversary of the Confederation of Canada. The Foire Brayonne, during its 10th anniversary, paid tribute to her as one of their pioneers. Collectively, she is acknowledged for her exceptional contribution to the promotion and presentation of arts and culture in the region.<\/p>\n<p style=\"text-align: justify;\">Sister Henriette Raymond died on August 2, 2013 in Bathurst, NB at the age of 82 from Alzheimer&#8217;s disease. Her funeral was held in the chapel of the H\u00f4tel-Dieu in Saint-Basile and she was laid to rest in the community cemetery.<\/p>\n<p>[\/et_pb_text][\/et_pb_column][\/et_pb_row][et_pb_row _builder_version=&#8221;4.27.0&#8243; _module_preset=&#8221;default&#8221; global_colors_info=&#8221;{}&#8221;][et_pb_column type=&#8221;4_4&#8243; _builder_version=&#8221;4.27.0&#8243; _module_preset=&#8221;default&#8221; global_colors_info=&#8221;{}&#8221;][dnxte_dual_button button_text_one=&#8221;Previous&#8221; button_link_one=&#8221;@ET-DC@eyJkeW5hbWljIjp0cnVlLCJjb250ZW50IjoicG9zdF9saW5rX3VybF9wYWdlIiwic2V0dGluZ3MiOnsicG9zdF9pZCI6IjY2In19@&#8221; button_text_two=&#8221;Next&#8221; button_link_two=&#8221;@ET-DC@eyJkeW5hbWljIjp0cnVlLCJjb250ZW50IjoicG9zdF9saW5rX3VybF9wYWdlIiwic2V0dGluZ3MiOnsicG9zdF9pZCI6IjExNSJ9fQ==@&#8221; dnxt_dual_button_alignment=&#8221;center&#8221; btn_one_icon=&#8221;&#x23;||divi||400&#8243; btn_one_icon_color=&#8221;#000000&#8243; btn_one_icon_placement=&#8221;left&#8221; btn_two_icon_color=&#8221;#000000&#8243; btn_one_show_hide=&#8221;on&#8221; button_bg_one=&#8221;#F8B170&#8243; btn_two_color_show_hide=&#8221;on&#8221; button_bg_two=&#8221;#F8B170&#8243; button_one_margin=&#8221;|10px|||false|false&#8221; button_two_margin=&#8221;|||10px|false|false&#8221; _builder_version=&#8221;4.27.0&#8243; _dynamic_attributes=&#8221;button_link_one,button_link_two&#8221; _module_preset=&#8221;default&#8221; btn_one_fonts_text_color=&#8221;rgba(0,0,0,0.8)&#8221; btn_two_fonts_text_color=&#8221;rgba(0,0,0,0.8)&#8221; border_radii_one_border=&#8221;on|15px|15px|15px|15px&#8221; border_color_all_one_border=&#8221;#F68D30&#8243; border_radii_two_border=&#8221;on|15px|15px|15px|15px&#8221; border_color_all_two_border=&#8221;#F68D30&#8243; locked=&#8221;off&#8221; global_colors_info=&#8221;{}&#8221;][\/dnxte_dual_button][\/et_pb_column][\/et_pb_row][\/et_pb_section]<\/p>\n","protected":false},"excerpt":{"rendered":"<p>InductionsPeople who have shaped our past and our present. Consult the list of past inductees. Soeur Henriette Raymond Henriette Raymond was born on February 17, 1931 in Sainte-Rose-du-D\u00e9gel\u00e9 (D\u00e9gelis) in the County of T\u00e9miscouata, Province of Quebec. At the age of thirteen, she enrolled at the Acad\u00e9mie de l&#8217;H\u00f4tel-Dieu in Saint-Basile, run by the Religious [&hellip;]<\/p>\n","protected":false},"author":1,"featured_media":0,"parent":0,"menu_order":0,"comment_status":"closed","ping_status":"closed","template":"","meta":{"_et_pb_use_builder":"on","_et_pb_old_content":"","_et_gb_content_width":"","footnotes":""},"class_list":["post-279","page","type-page","status-publish","hentry"],"_links":{"self":[{"href":"https:\/\/trahfe.ca\/en\/wp-json\/wp\/v2\/pages\/279","targetHints":{"allow":["GET"]}}],"collection":[{"href":"https:\/\/trahfe.ca\/en\/wp-json\/wp\/v2\/pages"}],"about":[{"href":"https:\/\/trahfe.ca\/en\/wp-json\/wp\/v2\/types\/page"}],"author":[{"embeddable":true,"href":"https:\/\/trahfe.ca\/en\/wp-json\/wp\/v2\/users\/1"}],"replies":[{"embeddable":true,"href":"https:\/\/trahfe.ca\/en\/wp-json\/wp\/v2\/comments?post=279"}],"version-history":[{"count":4,"href":"https:\/\/trahfe.ca\/en\/wp-json\/wp\/v2\/pages\/279\/revisions"}],"predecessor-version":[{"id":328,"href":"https:\/\/trahfe.ca\/en\/wp-json\/wp\/v2\/pages\/279\/revisions\/328"}],"wp:attachment":[{"href":"https:\/\/trahfe.ca\/en\/wp-json\/wp\/v2\/media?parent=279"}],"curies":[{"name":"wp","href":"https:\/\/api.w.org\/{rel}","templated":true}]}}